{"id":3686,"date":"2022-09-21T11:07:42","date_gmt":"2022-09-21T09:07:42","guid":{"rendered":"https:\/\/grupair.com\/?page_id=3686"},"modified":"2025-10-10T09:52:23","modified_gmt":"2025-10-10T07:52:23","slug":"avis-legal","status":"publish","type":"page","link":"https:\/\/grupair.com\/ca\/avis-legal\/","title":{"rendered":"Av\u00eds legal"},"content":{"rendered":"<div class=\"fusion-fullwidth fullwidth-box fusion-builder-row-1 fusion-flex-container has-pattern-background has-mask-background nonhundred-percent-fullwidth non-hundred-percent-height-scrolling\" style=\"--awb-border-radius-top-left:0px;--awb-border-radius-top-right:0px;--awb-border-radius-bottom-right:0px;--awb-border-radius-bottom-left:0px;--awb-padding-top:4%;--awb-flex-wrap:wrap;\" ><div class=\"fusion-builder-row fusion-row fusion-flex-align-items-flex-start fusion-flex-content-wrap\" style=\"max-width:1300px;margin-left: calc(-4% \/ 2 );margin-right: calc(-4% \/ 2 );\"><div class=\"fusion-layout-column fusion_builder_column fusion-builder-column-0 fusion_builder_column_1_1 1_1 fusion-flex-column\" style=\"--awb-bg-size:cover;--awb-width-large:100%;--awb-margin-top-large:0px;--awb-spacing-right-large:1.92%;--awb-margin-bottom-large:20px;--awb-spacing-left-large:1.92%;--awb-width-medium:100%;--awb-order-medium:0;--awb-spacing-right-medium:1.92%;--awb-spacing-left-medium:1.92%;--awb-width-small:100%;--awb-order-small:0;--awb-spacing-right-small:1.92%;--awb-spacing-left-small:1.92%;\"><div class=\"fusion-column-wrapper fusion-column-has-shadow fusion-flex-justify-content-flex-start fusion-content-layout-column\"><div class=\"fusion-text fusion-text-1\" style=\"--awb-content-alignment:justify;\"><p>En compliment amb el deure d&#8217;informaci\u00f3 recollit en l&#8217;article 10 de la Llei 34\/2002, d&#8217;11 de Juliol, de Serveis de la Societat de la Informaci\u00f3 i del Comer\u00e7 Electr\u00f2nic, l&#8217;informem que el Lloc Web i el portal d&#8217;Internet (d&#8217;ara endavant, el &#8220;Web&#8221;) \u00e9s titularitat de GRUPAIR SA, amb domicili social al Carrer Tecnologia, 7 Pol\u00edgons dels Plans, Sector Gavarreres 08711 \u00d2dena amb CIF: A-08546194. El present av\u00eds legal regula les condicions d&#8217;\u00fas del citat portal d&#8217;Internet.<\/p>\n<p><strong>Llei aplicable i jurisdicci\u00f3<\/strong><\/p>\n<p>Amb car\u00e0cter general les relacions entre GRUPAIR SA i els usuaris dels seus serveis telem\u00e0tics, presents en la Web, es toben sotmeses a la legislaci\u00f3 i la jurisdicci\u00f3 espanyoles.<\/p>\n<p>Les parts renuncien expressament al fur que els pogu\u00e9s correspondre i sotmeten expressament als Jutjats i Tribunals de Barcelona per a resoldre qualsevol controv\u00e8rsia que pugui sorgir en la interpretaci\u00f3 o execuci\u00f3 de les presents condicions contractuals.<\/p>\n<p><strong>Acceptaci\u00f3 de l&#8217;usuari<\/strong><\/p>\n<p>Aquest Av\u00eds Legal regula l&#8217;acc\u00e9s i utilitzaci\u00f3 de la p\u00e0gina Web que GRUPAIR SA posa a la disposici\u00f3 dels usuaris d&#8217;Internet. Es considera usuari la persona que accedeixi, navegui, utilitzi o participi en els serveis i activitats de la p\u00e0gina Web.<\/p>\n<p>L&#8217;usuari queda informat, i accepta, que l&#8217;acc\u00e9s a la present Web no soposa, de cap manera, l&#8217;inici d&#8217;una relaci\u00f3 comercial amb\u00a0GRUPAIR SA.<\/p>\n<p>L&#8217;acc\u00e9s i navegaci\u00f3 en el lloc Web per part de l&#8217;usuari soposa l&#8217;acceptaci\u00f3 de la totalitat de les presents Condicions d&#8217;\u00das. En cas de desacord amb les condicions ha d&#8217;abstenir-se a usar el lloc Web.<\/p>\n<p><strong>Acc\u00e9s a la Web<\/strong><\/p>\n<p>L&#8217;acc\u00e9s a la p\u00e0gina Web per part dels usuaris \u00e9s de cat\u00e0cter lliure i gratu\u00eft. Alguns serveis poden trobar-se subjectes a contractaci\u00f3 pr\u00e8via del servei.<\/p>\n<p>En cas de ser necessari que l&#8217;usuari aporti dades personals per a accedir a algun dels serveis, la recollida i el tractament de les dades es realitzaran de conformitat amb la normativa vigent, en concret amb el RGPD. Per a m\u00e9s informaci\u00f3 consulti la nostra <a href=\"https:\/\/grupair.com\/ca\/politica-de-privacitat\/\">pol\u00edtica de privacitat<\/a>.<\/p>\n<p><strong>Contingut i \u00fas<\/strong><\/p>\n<p>La visita al lloc Web per part de l&#8217;usuari haur\u00e0 de fer-se de forma responsable i de conformitat a la legalitat vigent, la bona fe, el present Av\u00eds Legal i respectant els drets de la propietat intel\u00b7lectual i industrial de titularitat de GRUPAIR SA o qualsevol altres persones f\u00edsiques o jur\u00eddiques.<\/p>\n<p>L&#8217;\u00fas de qualsevol dels continguts del lloc Web amb finalitats que siguin o poguessin sser il\u00b7l\u00edcites queda totalment prohibit, aix\u00ed com la realitzaci\u00f3 de qualsevol acci\u00f3 que causi o pugui causar danys o alteracions de qualsevol tipus no consentides per GRUPAIR SA, al lloc Web o als seus continguts.<\/p>\n<p>El titular del Web no s&#8217;identifica amb les opinions abocades en el mateix pels seus col\u00b7laboradors. L&#8217;empresa es reserva el dret d&#8217;efectuar sense previ av\u00eds les modificacions que consideri oportunes en el seu Web, podent canviar, suprimir o afegir tant els continguts i serveis que es prestin a trav\u00e9s de la mateixa com la forma en la qual aquests apareguin presentats o localitzats en els seus servidors.<\/p>\n<p><strong>Propietat intel\u00b7lectual i industrial<\/strong><\/p>\n<p>Els drets de propietat intel\u00b7lectual del contingut de les p\u00e0gines Web, el seu disseny gr\u00e0fic i els codis s\u00f3n titularitat de GRUPAIR SA i, per tant, queda prohibida la seva reproducci\u00f3, distribuci\u00f3, comunicaci\u00f3 p\u00fablica, transformaci\u00f3 o qualsevol altra activitat que es realitzi amb els continguts de la p\u00e0gina Web, ni tan sols encaraque es se citin les fonts, tret que es compti amb el consentiment previ, expr\u00e9s i per escrit de GRUPAIR SA. Tots els noms comercials, marques o signes diferents de qualsevol classe continguts en les p\u00e0gines Web de l&#8217;empresa s\u00f3n propietat dels seus amos i est\u00e0n protegits per llei.<\/p>\n<p>GRUPAIR SA no concedeix cap llic\u00e8ncia o autoritzaci\u00f3 d&#8217;\u00fas de cap classe sobre els seus drets de propietat intel\u00b7lectial i industrial o sobre qualsevol altre propietat o dret relacionat amb el lloc Web, i en cap cas s&#8217;entendr\u00e0 que l&#8217;acc\u00e9s i navegaci\u00f3 dels usuaris implica una ren\u00edncia, transmissi\u00f3, llic\u00e8ncia o cessi\u00f3 total ni parcial d&#8217;aquests drets per part de\u00a0GRUPAIR SA.<\/p>\n<p>Qualsevol \u00fas d&#8217;aquests continguts no autoritzats pr\u00e8viament per part de GRUPAIR SA ser\u00e0 considerat un incompliment greu dels drets de propietat intel\u00b7lectual o industrial i donar\u00e0 lloc a les responsabilitats legalment establertes. GRUPAIR SA es reserva el dret d&#8217;exercitar enfront l&#8217;usuari les accions judicials i extrajudicials que corresponguin.<\/p>\n<p><strong>Responsabilitat i garanties<\/strong><\/p>\n<p>GRUPAIR SA declara que ha adoptat les mesures necessaries que, dins de les seves possibilitats i l&#8217;estat de la tecnologia, permetin el correcte funcionament del seu lloc Web aix\u00ed com l&#8217;abs\u00e8ncia de virus i components nocius. No obstant aix\u00f2, GRUPAIR SA no pot fer-se responsable de les seg\u00fcents situacions que s&#8217;enumeren a t\u00edtol enunciatiu, per\u00f2 no limitatiu:<\/p>\n<ul>\n<li>La continu\u00eftat i disponibilitat dels Continguts.<\/li>\n<li>L&#8217;abs\u00e8ncia d&#8217;errors en aquests Continguts ni la correcci\u00f3 de qualsevol defecte que pogu\u00e9s oc\u00f3rrer.<\/li>\n<li>L&#8217;abs\u00e8ncia de virus i\/o altres components nocius.<\/li>\n<li>Els danys o perjudicis que causi qualsevol persona que vulneri els sistemes de seguretat de GRUPAIR SA.<\/li>\n<li>L&#8217;\u00fas que els usuaris puguin fer dels continguts incloses en el Web. En conseq\u00fc\u00e8ncia, GRUPAIR SA no gatantitza que l&#8217;\u00fas que fan els usuaris puguin fer dels continguts que en el seu cas s&#8217;incloguin en el lloc Web, s&#8217;ajustin al present av\u00eds legal, ni que que l&#8217;\u00fas del lloc Web es realitzi de forma diligent.<\/li>\n<li>L&#8217;\u00fas per menors d&#8217;edat del lloc Web o de l&#8217;enviament de les seves dades personals sense el perm\u00eds dels seus tutors, sent els tutors responsables de l&#8217;\u00fas que facin d&#8217;Internet.<\/li>\n<li>Els continguts als qual l&#8217;usuari pugui accedir a trav\u00e9s d&#8217;enlla\u00e7os no autoritzats o introdu\u00efts per usuaris mitjan\u00e7ant comentaris o eines similars.<\/li>\n<li>La introducci\u00f3 de dades err\u00f2nies per part de l&#8217;usuari o d&#8217;un tercer.<\/li>\n<\/ul>\n<p>GRUPAIR SA podr\u00e0 susprendre temporalment i sense previ av\u00eds, l&#8217;accessibilitat al lloc Web amb motiu d&#8217;operacions de manteniment, reparaci\u00f3, actualitzaci\u00f3 o millora. No obstant aix\u00f2, sempre que les circumst\u00e0ncies ho permetin, GRUPAIR SA comunicar\u00e0 a l&#8217;usuari, amb antelaci\u00f3 suficient, la data prevista per a la suspensi\u00f3 dels continguts.<\/p>\n<p>Aix\u00ed mateix, de conformitat amb els arts. 11 i 16 de la Llei 34\/2002, d&#8217;11 de juliol, de serveis de la societat de la informaci\u00f3 i de comer\u00e7 electr\u00f2nic (LSSICE), GRUPAIR SA es compromet a l&#8217;eliminaci\u00f3 o, en el seu cas, bloqueig dels continguts que poguessin afectar o ser contraris a la legislaci\u00f3 vigent, els drets de tercers o la moral i ordre p\u00fablic.<\/p>\n<p><strong>Cookies<\/strong><\/p>\n<p>GRUPAIR SA utilitza cookies, a l&#8217;efecte d&#8217;optimitzar i personalitzar la seva navegaci\u00f3 pel lloc Web. Les cookies s\u00f3n fitxers f\u00edsics d&#8217;informaci\u00f3 que s&#8217;allotgen en el propi terminal de l&#8217;usuari, la informaci\u00f3 recollida mitjan\u00e7ant les cookies serveix per a facilitar la navegaci\u00f3 de l&#8217;usuari pel portal i optimitzar l&#8217;experi\u00e8ncia de navegaci\u00f3. Les dades recopilades mitja\u00e7ant les cookies poden ser compartits amb els creadors d&#8217;aquestes, per\u00f2 en cap cas la informaci\u00f3 obtinguda per les mateixes ser\u00e0 associada a dades personals ni a dades que puguin identificar a l&#8217;usuari.<\/p>\n<p>No obstant aix\u00f2, si l&#8217;usuari no desitja que s&#8217;instal\u00b7lin cookies en el seu disc dur, t\u00e9 la possibilitat de configurar el navegador de tal manera que impedeixi la instal\u00b7laci\u00f3 d&#8217;aquests arxius. Per a obtenir m\u00e9s informaci\u00f3 consulti la nostra Pol\u00edtica de Cookies.<\/p>\n<p><strong>Enlla\u00e7os (links)<\/strong><\/p>\n<p>La pres\u00e8ncia d&#8217;enlla\u00e7os (links) en la p\u00e0gina Web de GRUPAIR SA cap a altres llocs d&#8217;Internet t\u00e9 la finalitat merament informativa i en cap cas suposen suggeriment, invitaci\u00f3 o recomanaci\u00f3 sobre aquests. GRUPAIR SA no assumir\u00e0 responsabilitat pels continguts d&#8217;un enlla\u00e7 pertanyent a un lloc Web ali\u00e8, ni garantir\u00e0 la fiabilitat, exactitud, amplitud, veracitat, validesa i disponibilitat t\u00e8cnica,<\/p>\n<p>En el cas de que en altres llocs Web s&#8217;estableixin enlla\u00e7os a la p\u00e0gina Web de GRUPAIR SA, no s&#8217;entendr\u00e0 que GRUPAIR SA ha autoritzat l&#8217;enlla\u00e7 o el contingut del lloc Web en el qual es cont\u00e9 l&#8217;enlla\u00e7, tampoc podr\u00e0 incloure&#8217;s en la p\u00e0gina de l&#8217;enlla\u00e7 continguts inapropiats, difamatoris, il\u00b7legals, obscens o il\u00b7l\u00edcits, ni altres continguts que siguin contraris a la legalitat vigent.<\/p>\n<p>GRUPAIR SA es reserva la possibilitat de contactar amb el propietari del lloc Web en el qual s&#8217;estableixi l&#8217;enlla\u00e7 si considera que s&#8217;incompleix la normativa, aix\u00ed com d&#8217;exercitar les corresponents accions legals i extrajudicials.<\/p>\n<p><strong>Modificaci\u00f3 de les condicions<\/strong><\/p>\n<p>GRUPAIR SA es reserva expressament el dret a modificar unilateralment, total o parcialment, sense necessitat de previ av\u00eds, el present Av\u00eds Legal. L&#8217;usuari reconeix i accepta que \u00e9s la seva responsabilitat revisar peri\u00f2dicament el present Av\u00eds Legal.<\/p>\n<\/div><\/div><\/div><\/div><\/div>\n","protected":false},"excerpt":{"rendered":"","protected":false},"author":1,"featured_media":4018,"parent":0,"menu_order":0,"comment_status":"closed","ping_status":"closed","template":"100-width.php","meta":{"footnotes":""},"class_list":["post-3686","page","type-page","status-publish","has-post-thumbnail","hentry"],"yoast_head":"<!-- This site is optimized with the Yoast SEO plugin v27.4 - https:\/\/yoast.com\/product\/yoast-seo-wordpress\/ -->\n<title>Av\u00eds legal Grupair<\/title>\n<meta name=\"description\" content=\"Empresa especialista en solucions d&#039;aire comprimit, gasos industrials i fred industrial. Projectes clau en m\u00e0 i manteniment.\" \/>\n<meta name=\"robots\" content=\"index, follow, max-snippet:-1, max-image-preview:large, max-video-preview:-1\" \/>\n<link rel=\"canonical\" href=\"https:\/\/grupair.com\/ca\/avis-legal\/\" \/>\n<meta property=\"og:locale\" content=\"ca_ES\" \/>\n<meta property=\"og:type\" content=\"article\" \/>\n<meta property=\"og:title\" content=\"Av\u00eds legal Grupair\" \/>\n<meta property=\"og:description\" content=\"Empresa especialista en solucions d&#039;aire comprimit, gasos industrials i fred industrial. Projectes clau en m\u00e0 i manteniment.\" \/>\n<meta property=\"og:url\" content=\"https:\/\/grupair.com\/ca\/avis-legal\/\" \/>\n<meta property=\"og:site_name\" content=\"Soluciones de aire comprimido - Grupair\" \/>\n<meta property=\"article:modified_time\" content=\"2025-10-10T07:52:23+00:00\" \/>\n<meta property=\"og:image\" content=\"https:\/\/grupair.com\/wp-content\/uploads\/cabecera-aviso-legal-2.webp\" \/>\n\t<meta property=\"og:image:width\" content=\"1904\" \/>\n\t<meta property=\"og:image:height\" content=\"450\" \/>\n\t<meta property=\"og:image:type\" content=\"image\/webp\" \/>\n<meta name=\"twitter:card\" content=\"summary_large_image\" \/>\n<meta name=\"twitter:label1\" content=\"Temps estimat de lectura\" \/>\n\t<meta name=\"twitter:data1\" content=\"7 minuts\" \/>\n<script type=\"application\/ld+json\" class=\"yoast-schema-graph\">{\"@context\":\"https:\\\/\\\/schema.org\",\"@graph\":[{\"@type\":\"WebPage\",\"@id\":\"https:\\\/\\\/grupair.com\\\/ca\\\/avis-legal\\\/\",\"url\":\"https:\\\/\\\/grupair.com\\\/ca\\\/avis-legal\\\/\",\"name\":\"Av\u00eds legal Grupair\",\"isPartOf\":{\"@id\":\"https:\\\/\\\/grupair.com\\\/#website\"},\"primaryImageOfPage\":{\"@id\":\"https:\\\/\\\/grupair.com\\\/ca\\\/avis-legal\\\/#primaryimage\"},\"image\":{\"@id\":\"https:\\\/\\\/grupair.com\\\/ca\\\/avis-legal\\\/#primaryimage\"},\"thumbnailUrl\":\"https:\\\/\\\/grupair.com\\\/wp-content\\\/uploads\\\/cabecera-aviso-legal-2.webp\",\"datePublished\":\"2022-09-21T09:07:42+00:00\",\"dateModified\":\"2025-10-10T07:52:23+00:00\",\"description\":\"Empresa especialista en solucions d'aire comprimit, gasos industrials i fred industrial. Projectes clau en m\u00e0 i manteniment.\",\"breadcrumb\":{\"@id\":\"https:\\\/\\\/grupair.com\\\/ca\\\/avis-legal\\\/#breadcrumb\"},\"inLanguage\":\"ca\",\"potentialAction\":[{\"@type\":\"ReadAction\",\"target\":[\"https:\\\/\\\/grupair.com\\\/ca\\\/avis-legal\\\/\"]}]},{\"@type\":\"ImageObject\",\"inLanguage\":\"ca\",\"@id\":\"https:\\\/\\\/grupair.com\\\/ca\\\/avis-legal\\\/#primaryimage\",\"url\":\"https:\\\/\\\/grupair.com\\\/wp-content\\\/uploads\\\/cabecera-aviso-legal-2.webp\",\"contentUrl\":\"https:\\\/\\\/grupair.com\\\/wp-content\\\/uploads\\\/cabecera-aviso-legal-2.webp\",\"width\":1904,\"height\":450,\"caption\":\"Soluciones de aire comprimido - Grupai\"},{\"@type\":\"BreadcrumbList\",\"@id\":\"https:\\\/\\\/grupair.com\\\/ca\\\/avis-legal\\\/#breadcrumb\",\"itemListElement\":[{\"@type\":\"ListItem\",\"position\":1,\"name\":\"Portada\",\"item\":\"https:\\\/\\\/grupair.com\\\/ca\\\/\"},{\"@type\":\"ListItem\",\"position\":2,\"name\":\"Av\u00eds legal\"}]},{\"@type\":\"WebSite\",\"@id\":\"https:\\\/\\\/grupair.com\\\/#website\",\"url\":\"https:\\\/\\\/grupair.com\\\/\",\"name\":\"Soluciones de aire comprimido - Grupair\",\"description\":\"Empresa especialista en soluciones de aire comprimido, gases industriales y fr\u00edo industrial. Proyectos llave en mano y mantenimiento.\",\"publisher\":{\"@id\":\"https:\\\/\\\/grupair.com\\\/#organization\"},\"potentialAction\":[{\"@type\":\"SearchAction\",\"target\":{\"@type\":\"EntryPoint\",\"urlTemplate\":\"https:\\\/\\\/grupair.com\\\/?s={search_term_string}\"},\"query-input\":{\"@type\":\"PropertyValueSpecification\",\"valueRequired\":true,\"valueName\":\"search_term_string\"}}],\"inLanguage\":\"ca\"},{\"@type\":\"Organization\",\"@id\":\"https:\\\/\\\/grupair.com\\\/#organization\",\"name\":\"Grupair\",\"alternateName\":\"Grupair\",\"url\":\"https:\\\/\\\/grupair.com\\\/\",\"logo\":{\"@type\":\"ImageObject\",\"inLanguage\":\"ca\",\"@id\":\"https:\\\/\\\/grupair.com\\\/#\\\/schema\\\/logo\\\/image\\\/\",\"url\":\"https:\\\/\\\/grupair.com\\\/wp-content\\\/uploads\\\/logo-grupair-circulo.webp\",\"contentUrl\":\"https:\\\/\\\/grupair.com\\\/wp-content\\\/uploads\\\/logo-grupair-circulo.webp\",\"width\":215,\"height\":215,\"caption\":\"Grupair\"},\"image\":{\"@id\":\"https:\\\/\\\/grupair.com\\\/#\\\/schema\\\/logo\\\/image\\\/\"},\"sameAs\":[\"https:\\\/\\\/www.linkedin.com\\\/company\\\/grup-air\\\/\"]}]}<\/script>\n<!-- \/ Yoast SEO plugin. -->","yoast_head_json":{"title":"Av\u00eds legal Grupair","description":"Empresa especialista en solucions d'aire comprimit, gasos industrials i fred industrial. Projectes clau en m\u00e0 i manteniment.","robots":{"index":"index","follow":"follow","max-snippet":"max-snippet:-1","max-image-preview":"max-image-preview:large","max-video-preview":"max-video-preview:-1"},"canonical":"https:\/\/grupair.com\/ca\/avis-legal\/","og_locale":"ca_ES","og_type":"article","og_title":"Av\u00eds legal Grupair","og_description":"Empresa especialista en solucions d'aire comprimit, gasos industrials i fred industrial. Projectes clau en m\u00e0 i manteniment.","og_url":"https:\/\/grupair.com\/ca\/avis-legal\/","og_site_name":"Soluciones de aire comprimido - Grupair","article_modified_time":"2025-10-10T07:52:23+00:00","og_image":[{"width":1904,"height":450,"url":"https:\/\/grupair.com\/wp-content\/uploads\/cabecera-aviso-legal-2.webp","type":"image\/webp"}],"twitter_card":"summary_large_image","twitter_misc":{"Temps estimat de lectura":"7 minuts"},"schema":{"@context":"https:\/\/schema.org","@graph":[{"@type":"WebPage","@id":"https:\/\/grupair.com\/ca\/avis-legal\/","url":"https:\/\/grupair.com\/ca\/avis-legal\/","name":"Av\u00eds legal Grupair","isPartOf":{"@id":"https:\/\/grupair.com\/#website"},"primaryImageOfPage":{"@id":"https:\/\/grupair.com\/ca\/avis-legal\/#primaryimage"},"image":{"@id":"https:\/\/grupair.com\/ca\/avis-legal\/#primaryimage"},"thumbnailUrl":"https:\/\/grupair.com\/wp-content\/uploads\/cabecera-aviso-legal-2.webp","datePublished":"2022-09-21T09:07:42+00:00","dateModified":"2025-10-10T07:52:23+00:00","description":"Empresa especialista en solucions d'aire comprimit, gasos industrials i fred industrial. Projectes clau en m\u00e0 i manteniment.","breadcrumb":{"@id":"https:\/\/grupair.com\/ca\/avis-legal\/#breadcrumb"},"inLanguage":"ca","potentialAction":[{"@type":"ReadAction","target":["https:\/\/grupair.com\/ca\/avis-legal\/"]}]},{"@type":"ImageObject","inLanguage":"ca","@id":"https:\/\/grupair.com\/ca\/avis-legal\/#primaryimage","url":"https:\/\/grupair.com\/wp-content\/uploads\/cabecera-aviso-legal-2.webp","contentUrl":"https:\/\/grupair.com\/wp-content\/uploads\/cabecera-aviso-legal-2.webp","width":1904,"height":450,"caption":"Soluciones de aire comprimido - Grupai"},{"@type":"BreadcrumbList","@id":"https:\/\/grupair.com\/ca\/avis-legal\/#breadcrumb","itemListElement":[{"@type":"ListItem","position":1,"name":"Portada","item":"https:\/\/grupair.com\/ca\/"},{"@type":"ListItem","position":2,"name":"Av\u00eds legal"}]},{"@type":"WebSite","@id":"https:\/\/grupair.com\/#website","url":"https:\/\/grupair.com\/","name":"Soluciones de aire comprimido - Grupair","description":"Empresa especialista en soluciones de aire comprimido, gases industriales y fr\u00edo industrial. Proyectos llave en mano y mantenimiento.","publisher":{"@id":"https:\/\/grupair.com\/#organization"},"potentialAction":[{"@type":"SearchAction","target":{"@type":"EntryPoint","urlTemplate":"https:\/\/grupair.com\/?s={search_term_string}"},"query-input":{"@type":"PropertyValueSpecification","valueRequired":true,"valueName":"search_term_string"}}],"inLanguage":"ca"},{"@type":"Organization","@id":"https:\/\/grupair.com\/#organization","name":"Grupair","alternateName":"Grupair","url":"https:\/\/grupair.com\/","logo":{"@type":"ImageObject","inLanguage":"ca","@id":"https:\/\/grupair.com\/#\/schema\/logo\/image\/","url":"https:\/\/grupair.com\/wp-content\/uploads\/logo-grupair-circulo.webp","contentUrl":"https:\/\/grupair.com\/wp-content\/uploads\/logo-grupair-circulo.webp","width":215,"height":215,"caption":"Grupair"},"image":{"@id":"https:\/\/grupair.com\/#\/schema\/logo\/image\/"},"sameAs":["https:\/\/www.linkedin.com\/company\/grup-air\/"]}]}},"_links":{"self":[{"href":"https:\/\/grupair.com\/ca\/wp-json\/wp\/v2\/pages\/3686","targetHints":{"allow":["GET"]}}],"collection":[{"href":"https:\/\/grupair.com\/ca\/wp-json\/wp\/v2\/pages"}],"about":[{"href":"https:\/\/grupair.com\/ca\/wp-json\/wp\/v2\/types\/page"}],"author":[{"embeddable":true,"href":"https:\/\/grupair.com\/ca\/wp-json\/wp\/v2\/users\/1"}],"replies":[{"embeddable":true,"href":"https:\/\/grupair.com\/ca\/wp-json\/wp\/v2\/comments?post=3686"}],"version-history":[{"count":2,"href":"https:\/\/grupair.com\/ca\/wp-json\/wp\/v2\/pages\/3686\/revisions"}],"predecessor-version":[{"id":6286,"href":"https:\/\/grupair.com\/ca\/wp-json\/wp\/v2\/pages\/3686\/revisions\/6286"}],"wp:featuredmedia":[{"embeddable":true,"href":"https:\/\/grupair.com\/ca\/wp-json\/wp\/v2\/media\/4018"}],"wp:attachment":[{"href":"https:\/\/grupair.com\/ca\/wp-json\/wp\/v2\/media?parent=3686"}],"curies":[{"name":"wp","href":"https:\/\/api.w.org\/{rel}","templated":true}]}}